{"id":2778,"date":"2024-09-27T08:04:54","date_gmt":"2024-09-27T08:04:54","guid":{"rendered":"http:\/\/192.168.0.133:8051\/?page_id=2778"},"modified":"2024-12-11T07:50:21","modified_gmt":"2024-12-11T07:50:21","slug":"anunturi","status":"publish","type":"page","link":"https:\/\/dealumuierii.ro\/index.php\/anunturi\/","title":{"rendered":"Anun\u021buri"},"content":{"rendered":"\t\t<div data-elementor-type=\"wp-page\" data-elementor-id=\"2778\" class=\"elementor elementor-2778\" data-elementor-post-type=\"page\">\n\t\t\t\t\t\t\t<div class=\"elementor-element elementor-element-20e888d e-con-full e-flex e-con e-parent\" data-id=\"20e888d\" data-element_type=\"container\" data-settings=\"{&quot;content_width&quot;:&quot;full&quot;}\" data-core-v316-plus=\"true\">\n\t\t\t\t<div class=\"elementor-element elementor-element-b93ac74 exad-sticky-section-no exad-glass-effect-no elementor-widget elementor-widget-exad-post-grid\" data-id=\"b93ac74\" data-element_type=\"widget\" data-widget_type=\"exad-post-grid.default\">\n\t\t\t\t<div class=\"elementor-widget-container\">\n\t\t\t\t\t\n\n\t\t<div class=\"exad-post-grid\">\n\t\t\t<div class=\"exad-row-wrapper\">\n\t\t\t\t\n<article class=\"exad-post-grid-three exad-col  \">\n    <div class=\"exad-post-grid-container image-position-top exad-post-grid-equal-height-yes\">\n                    <figure class=\"exad-post-grid-thumbnail\">\n                <a href=\"https:\/\/dealumuierii.ro\/index.php\/prof-dr-constantin-arcus-presedintele-societatii-cultural-stiintifice-radinesti-gorj-astazi-in-direct-la-emisiunea-prim-plan-obiectiv\/2024\/12\/13\/\" >\n                    <img fetchpriority=\"high\" decoding=\"async\" width=\"768\" height=\"349\" src=\"https:\/\/dealumuierii.ro\/wp-content\/uploads\/2024\/12\/Screenshot-from-2024-12-13-09-03-14-768x349.png\" class=\"attachment-medium_large size-medium_large wp-post-image\" alt=\"\" srcset=\"https:\/\/dealumuierii.ro\/wp-content\/uploads\/2024\/12\/Screenshot-from-2024-12-13-09-03-14-768x349.png 768w, https:\/\/dealumuierii.ro\/wp-content\/uploads\/2024\/12\/Screenshot-from-2024-12-13-09-03-14-300x137.png 300w, https:\/\/dealumuierii.ro\/wp-content\/uploads\/2024\/12\/Screenshot-from-2024-12-13-09-03-14.png 945w\" sizes=\"(max-width: 768px) 100vw, 768px\" \/>                <\/a>\n                \n                            <\/figure>\n        \n        <div class=\"exad-post-grid-body\">\n                                <ul class=\"exad-post-data show-avatar-no\">\n                                                                            <li class=\"exad-post-date\">\n                                <span>\n                                    Data                                    <a href=\"https:\/\/dealumuierii.ro\/index.php\/prof-dr-constantin-arcus-presedintele-societatii-cultural-stiintifice-radinesti-gorj-astazi-in-direct-la-emisiunea-prim-plan-obiectiv\/2024\/12\/13\/\" class=\"exad-post-grid-author-date\">decembrie 13, 2024<\/a>\n                                <\/span>                          \n                            <\/li> \n                           \n                    <\/ul>\n                \t\t\t\t\n\t\t\t\t\t\t\t\n                    <h3>\n\t\t\t\t\t\n\t\t\t\t\t\t\t\n                        <a href=\"https:\/\/dealumuierii.ro\/index.php\/prof-dr-constantin-arcus-presedintele-societatii-cultural-stiintifice-radinesti-gorj-astazi-in-direct-la-emisiunea-prim-plan-obiectiv\/2024\/12\/13\/\"  class=\"exad-post-grid-title\">Prof. Dr. Constantin Arcus &#8211; pre\u0219edintele Societ\u0103\u021bii Cultural-\u0218tiintifice R\u0103dine\u0219ti, Gorj, ast\u0103zi, \u00een direct la emisiunea Prim-Plan Obiectiv<\/a>\n\t\t\t\t\n\t\t\t\t\t\t\t\t\t\n                    <\/h3>\n\t\t\t\t\t\n\t\t\t\t\t\t\t\t\n                                <div class=\"exad-post-footer\"><a href=\"https:\/\/dealumuierii.ro\/index.php\/prof-dr-constantin-arcus-presedintele-societatii-cultural-stiintifice-radinesti-gorj-astazi-in-direct-la-emisiunea-prim-plan-obiectiv\/2024\/12\/13\/\" target=_blank class=\"read-more\">Acceseaza Articolul<\/a><\/div>\n            \n        <\/div>\n            <\/div>\n<\/article>\n<article class=\"exad-post-grid-three exad-col  \">\n    <div class=\"exad-post-grid-container image-position-top exad-post-grid-equal-height-yes\">\n                    <figure class=\"exad-post-grid-thumbnail\">\n                <a href=\"https:\/\/dealumuierii.ro\/index.php\/test-1\/2024\/12\/11\/\" >\n                    <img decoding=\"async\" width=\"768\" height=\"379\" src=\"https:\/\/dealumuierii.ro\/wp-content\/uploads\/2024\/09\/Screenshot-from-2024-12-11-09-34-19-768x379.png\" class=\"attachment-medium_large size-medium_large wp-post-image\" alt=\"\" srcset=\"https:\/\/dealumuierii.ro\/wp-content\/uploads\/2024\/09\/Screenshot-from-2024-12-11-09-34-19-768x379.png 768w, https:\/\/dealumuierii.ro\/wp-content\/uploads\/2024\/09\/Screenshot-from-2024-12-11-09-34-19-300x148.png 300w, https:\/\/dealumuierii.ro\/wp-content\/uploads\/2024\/09\/Screenshot-from-2024-12-11-09-34-19.png 790w\" sizes=\"(max-width: 768px) 100vw, 768px\" \/>                <\/a>\n                \n                            <\/figure>\n        \n        <div class=\"exad-post-grid-body\">\n                                <ul class=\"exad-post-data show-avatar-no\">\n                                                                            <li class=\"exad-post-date\">\n                                <span>\n                                    Data                                    <a href=\"https:\/\/dealumuierii.ro\/index.php\/test-1\/2024\/12\/11\/\" class=\"exad-post-grid-author-date\">decembrie 11, 2024<\/a>\n                                <\/span>                          \n                            <\/li> \n                           \n                    <\/ul>\n                \t\t\t\t\n\t\t\t\t\t\t\t\n                    <h3>\n\t\t\t\t\t\n\t\t\t\t\t\t\t\n                        <a href=\"https:\/\/dealumuierii.ro\/index.php\/test-1\/2024\/12\/11\/\"  class=\"exad-post-grid-title\">Un eveniment important | s\u00e2mb\u0103t\u0103, \u00eencep\u00e2nd cu ora 12:00, \u00een localitatea D\u0103nciule\u0219ti<\/a>\n\t\t\t\t\n\t\t\t\t\t\t\t\t\t\n                    <\/h3>\n\t\t\t\t\t\n\t\t\t\t\t\t\t\t\n                                <div class=\"exad-post-footer\"><a href=\"https:\/\/dealumuierii.ro\/index.php\/test-1\/2024\/12\/11\/\" target=_blank class=\"read-more\">Acceseaza Articolul<\/a><\/div>\n            \n        <\/div>\n            <\/div>\n<\/article>    \n\t\t\t<\/div>\n\t\t\t<div class=\"exad-post-grid-load-btn\">\n\t\t\t\t\t\t\t<\/div>\n\t\t<\/div>\n\n\t\t\t<\/div>\n\t\t\t\t<\/div>\n\t\t\t\t<\/div>\n\t\t\t\t\t\t\t<\/div>\n\t\t","protected":false},"excerpt":{"rendered":"<p>Data decembrie 11, 2024 Un eveniment important | s\u00e2mb\u0103t\u0103, \u00eencep\u00e2nd cu ora 12:00, \u00een localitatea D\u0103nciule\u0219ti Acceseaza Articolul<\/p>\n","protected":false},"author":1,"featured_media":0,"parent":0,"menu_order":0,"comment_status":"closed","ping_status":"closed","template":"","meta":{"footnotes":""},"class_list":["post-2778","page","type-page","status-publish","hentry"],"yoast_head":"<!-- This site is optimized with the Yoast SEO plugin v22.0 - https:\/\/yoast.com\/wordpress\/plugins\/seo\/ -->\n<title>Anun\u021buri | SCSRG<\/title>\n<meta name=\"robots\" content=\"index, follow, max-snippet:-1, max-image-preview:large, max-video-preview:-1\" \/>\n<link rel=\"canonical\" href=\"https:\/\/dealumuierii.ro\/index.php\/anunturi\/\" \/>\n<meta property=\"og:locale\" content=\"ro_RO\" \/>\n<meta property=\"og:type\" content=\"article\" \/>\n<meta property=\"og:title\" content=\"Anun\u021buri | SCSRG\" \/>\n<meta property=\"og:description\" content=\"Data decembrie 11, 2024 Un eveniment important | s\u00e2mb\u0103t\u0103, \u00eencep\u00e2nd cu ora 12:00, \u00een localitatea D\u0103nciule\u0219ti Acceseaza Articolul\" \/>\n<meta property=\"og:url\" content=\"https:\/\/dealumuierii.ro\/index.php\/anunturi\/\" \/>\n<meta property=\"og:site_name\" content=\"SCSRG\" \/>\n<meta property=\"article:modified_time\" content=\"2024-12-11T07:50:21+00:00\" \/>\n<meta property=\"og:image\" content=\"https:\/\/dealumuierii.ro\/wp-content\/uploads\/2024\/09\/Screenshot-from-2024-12-11-09-34-19-768x379.png\" \/>\n<meta name=\"twitter:card\" content=\"summary_large_image\" \/>\n<meta name=\"twitter:label1\" content=\"Timp estimat pentru citire\" \/>\n\t<meta name=\"twitter:data1\" content=\"1 minut\" \/>\n<script type=\"application\/ld+json\" class=\"yoast-schema-graph\">{\"@context\":\"https:\/\/schema.org\",\"@graph\":[{\"@type\":\"WebPage\",\"@id\":\"https:\/\/dealumuierii.ro\/index.php\/anunturi\/\",\"url\":\"https:\/\/dealumuierii.ro\/index.php\/anunturi\/\",\"name\":\"Anun\u021buri | SCSRG\",\"isPartOf\":{\"@id\":\"https:\/\/dealumuierii.ro\/#website\"},\"datePublished\":\"2024-09-27T08:04:54+00:00\",\"dateModified\":\"2024-12-11T07:50:21+00:00\",\"inLanguage\":\"ro-RO\",\"potentialAction\":[{\"@type\":\"ReadAction\",\"target\":[\"https:\/\/dealumuierii.ro\/index.php\/anunturi\/\"]}]},{\"@type\":\"WebSite\",\"@id\":\"https:\/\/dealumuierii.ro\/#website\",\"url\":\"https:\/\/dealumuierii.ro\/\",\"name\":\"SCSRG\",\"description\":\"\",\"publisher\":{\"@id\":\"https:\/\/dealumuierii.ro\/#organization\"},\"potentialAction\":[{\"@type\":\"SearchAction\",\"target\":{\"@type\":\"EntryPoint\",\"urlTemplate\":\"https:\/\/dealumuierii.ro\/?s={search_term_string}\"},\"query-input\":\"required name=search_term_string\"}],\"inLanguage\":\"ro-RO\"},{\"@type\":\"Organization\",\"@id\":\"https:\/\/dealumuierii.ro\/#organization\",\"name\":\"SCSRG\",\"url\":\"https:\/\/dealumuierii.ro\/\",\"logo\":{\"@type\":\"ImageObject\",\"inLanguage\":\"ro-RO\",\"@id\":\"https:\/\/dealumuierii.ro\/#\/schema\/logo\/image\/\",\"url\":\"https:\/\/dealumuierii.ro\/wp-content\/uploads\/2024\/01\/277676583_375711387898634_4941765293284815985_n-removebg-preview.png\",\"contentUrl\":\"https:\/\/dealumuierii.ro\/wp-content\/uploads\/2024\/01\/277676583_375711387898634_4941765293284815985_n-removebg-preview.png\",\"width\":123,\"height\":123,\"caption\":\"SCSRG\"},\"image\":{\"@id\":\"https:\/\/dealumuierii.ro\/#\/schema\/logo\/image\/\"}}]}<\/script>\n<!-- \/ Yoast SEO plugin. -->","yoast_head_json":{"title":"Anun\u021buri | SCSRG","robots":{"index":"index","follow":"follow","max-snippet":"max-snippet:-1","max-image-preview":"max-image-preview:large","max-video-preview":"max-video-preview:-1"},"canonical":"https:\/\/dealumuierii.ro\/index.php\/anunturi\/","og_locale":"ro_RO","og_type":"article","og_title":"Anun\u021buri | SCSRG","og_description":"Data decembrie 11, 2024 Un eveniment important | s\u00e2mb\u0103t\u0103, \u00eencep\u00e2nd cu ora 12:00, \u00een localitatea D\u0103nciule\u0219ti Acceseaza Articolul","og_url":"https:\/\/dealumuierii.ro\/index.php\/anunturi\/","og_site_name":"SCSRG","article_modified_time":"2024-12-11T07:50:21+00:00","og_image":[{"url":"https:\/\/dealumuierii.ro\/wp-content\/uploads\/2024\/09\/Screenshot-from-2024-12-11-09-34-19-768x379.png"}],"twitter_card":"summary_large_image","twitter_misc":{"Timp estimat pentru citire":"1 minut"},"schema":{"@context":"https:\/\/schema.org","@graph":[{"@type":"WebPage","@id":"https:\/\/dealumuierii.ro\/index.php\/anunturi\/","url":"https:\/\/dealumuierii.ro\/index.php\/anunturi\/","name":"Anun\u021buri | SCSRG","isPartOf":{"@id":"https:\/\/dealumuierii.ro\/#website"},"datePublished":"2024-09-27T08:04:54+00:00","dateModified":"2024-12-11T07:50:21+00:00","inLanguage":"ro-RO","potentialAction":[{"@type":"ReadAction","target":["https:\/\/dealumuierii.ro\/index.php\/anunturi\/"]}]},{"@type":"WebSite","@id":"https:\/\/dealumuierii.ro\/#website","url":"https:\/\/dealumuierii.ro\/","name":"SCSRG","description":"","publisher":{"@id":"https:\/\/dealumuierii.ro\/#organization"},"potentialAction":[{"@type":"SearchAction","target":{"@type":"EntryPoint","urlTemplate":"https:\/\/dealumuierii.ro\/?s={search_term_string}"},"query-input":"required name=search_term_string"}],"inLanguage":"ro-RO"},{"@type":"Organization","@id":"https:\/\/dealumuierii.ro\/#organization","name":"SCSRG","url":"https:\/\/dealumuierii.ro\/","logo":{"@type":"ImageObject","inLanguage":"ro-RO","@id":"https:\/\/dealumuierii.ro\/#\/schema\/logo\/image\/","url":"https:\/\/dealumuierii.ro\/wp-content\/uploads\/2024\/01\/277676583_375711387898634_4941765293284815985_n-removebg-preview.png","contentUrl":"https:\/\/dealumuierii.ro\/wp-content\/uploads\/2024\/01\/277676583_375711387898634_4941765293284815985_n-removebg-preview.png","width":123,"height":123,"caption":"SCSRG"},"image":{"@id":"https:\/\/dealumuierii.ro\/#\/schema\/logo\/image\/"}}]}},"_links":{"self":[{"href":"https:\/\/dealumuierii.ro\/index.php\/wp-json\/wp\/v2\/pages\/2778","targetHints":{"allow":["GET"]}}],"collection":[{"href":"https:\/\/dealumuierii.ro\/index.php\/wp-json\/wp\/v2\/pages"}],"about":[{"href":"https:\/\/dealumuierii.ro\/index.php\/wp-json\/wp\/v2\/types\/page"}],"author":[{"embeddable":true,"href":"https:\/\/dealumuierii.ro\/index.php\/wp-json\/wp\/v2\/users\/1"}],"replies":[{"embeddable":true,"href":"https:\/\/dealumuierii.ro\/index.php\/wp-json\/wp\/v2\/comments?post=2778"}],"version-history":[{"count":19,"href":"https:\/\/dealumuierii.ro\/index.php\/wp-json\/wp\/v2\/pages\/2778\/revisions"}],"predecessor-version":[{"id":4115,"href":"https:\/\/dealumuierii.ro\/index.php\/wp-json\/wp\/v2\/pages\/2778\/revisions\/4115"}],"wp:attachment":[{"href":"https:\/\/dealumuierii.ro\/index.php\/wp-json\/wp\/v2\/media?parent=2778"}],"curies":[{"name":"wp","href":"https:\/\/api.w.org\/{rel}","templated":true}]}}